{"id":964,"date":"2013-01-07T06:48:08","date_gmt":"2013-01-07T05:48:08","guid":{"rendered":"http:\/\/kamar-cnc.pl\/?page_id=964"},"modified":"2013-01-10T11:24:17","modified_gmt":"2013-01-10T10:24:17","slug":"zmiany-i-poprawki-w-linuxcnc","status":"publish","type":"page","link":"http:\/\/kamar-cnc.pl\/?page_id=964","title":{"rendered":"Programy i r\u00f3\u017cno\u015bci do LinuxCNC"},"content":{"rendered":"<p><a title=\"Osadzenie MC w oknie Axisa.\" href=\"http:\/\/kamar-cnc.pl\/?page_id=969\">Osadzenie MC w zak\u0142adce Axisa.<\/a><br \/>\n<a href=\"http:\/\/kamar-cnc.pl\/?page_id=986\" title=\"MC zamiast DRO\">MC zamiast DRO<\/a><br \/>\n<a href=\"http:\/\/kamar-cnc.pl\/?page_id=1032\" title=\"Checkboxy w NGCGUI\">Checkboxy w NGCGUI<\/a><\/p>\n","protected":false},"excerpt":{"rendered":"<p>Osadzenie MC w zak\u0142adce Axisa. MC zamiast DRO Checkboxy w NGCGUI<\/p>\n","protected":false},"author":1,"featured_media":0,"parent":68,"menu_order":0,"comment_status":"closed","ping_status":"closed","template":"","meta":{"footnotes":""},"class_list":["post-964","page","type-page","status-publish","hentry"],"_links":{"self":[{"href":"http:\/\/kamar-cnc.pl\/index.php?rest_route=\/wp\/v2\/pages\/964","targetHints":{"allow":["GET"]}}],"collection":[{"href":"http:\/\/kamar-cnc.pl\/index.php?rest_route=\/wp\/v2\/pages"}],"about":[{"href":"http:\/\/kamar-cnc.pl\/index.php?rest_route=\/wp\/v2\/types\/page"}],"author":[{"embeddable":true,"href":"http:\/\/kamar-cnc.pl\/index.php?rest_route=\/wp\/v2\/users\/1"}],"replies":[{"embeddable":true,"href":"http:\/\/kamar-cnc.pl\/index.php?rest_route=%2Fwp%2Fv2%2Fcomments&post=964"}],"version-history":[{"count":15,"href":"http:\/\/kamar-cnc.pl\/index.php?rest_route=\/wp\/v2\/pages\/964\/revisions"}],"predecessor-version":[{"id":1038,"href":"http:\/\/kamar-cnc.pl\/index.php?rest_route=\/wp\/v2\/pages\/964\/revisions\/1038"}],"up":[{"embeddable":true,"href":"http:\/\/kamar-cnc.pl\/index.php?rest_route=\/wp\/v2\/pages\/68"}],"wp:attachment":[{"href":"http:\/\/kamar-cnc.pl\/index.php?rest_route=%2Fwp%2Fv2%2Fmedia&parent=964"}],"curies":[{"name":"wp","href":"https:\/\/api.w.org\/{rel}","templated":true}]}}