{"id":217,"date":"2012-12-10T20:13:07","date_gmt":"2012-12-10T19:13:07","guid":{"rendered":"http:\/\/kamar-cnc.pl\/?page_id=217"},"modified":"2013-01-06T17:20:05","modified_gmt":"2013-01-06T16:20:05","slug":"frezarka","status":"publish","type":"page","link":"http:\/\/kamar-cnc.pl\/?page_id=217","title":{"rendered":"Frezarka"},"content":{"rendered":"<p><a href=\"http:\/\/kamar-cnc.pl\/wp-content\/uploads\/2012\/12\/otwor.ngc\">Otwor lub ko\u0142o<\/a><br \/>\n<a href=\"http:\/\/kamar-cnc.pl\/?attachment_id=959\" target=\"_blank\" rel=\"attachment wp-att-959\"><img loading=\"lazy\" decoding=\"async\" class=\"alignnone  wp-image-959\" alt=\"tabelka_otworu\" src=\"http:\/\/kamar-cnc.pl\/wp-content\/uploads\/2013\/01\/tabelka_otworu-300x216.png\" width=\"216\" height=\"156\" srcset=\"http:\/\/kamar-cnc.pl\/wp-content\/uploads\/2013\/01\/tabelka_otworu-300x216.png 300w, http:\/\/kamar-cnc.pl\/wp-content\/uploads\/2013\/01\/tabelka_otworu-1024x739.png 1024w, http:\/\/kamar-cnc.pl\/wp-content\/uploads\/2013\/01\/tabelka_otworu-415x300.png 415w, http:\/\/kamar-cnc.pl\/wp-content\/uploads\/2013\/01\/tabelka_otworu.png 1280w\" sizes=\"auto, (max-width: 216px) 100vw, 216px\" \/><\/a><a href=\"http:\/\/kamar-cnc.pl\/wp-content\/uploads\/2012\/12\/p_otw.png\" target=\"_blank\"><img loading=\"lazy\" decoding=\"async\" class=\"alignright  wp-image-879\" title=\"p_otw\" alt=\"\" src=\"http:\/\/kamar-cnc.pl\/wp-content\/uploads\/2012\/12\/p_otw-300x216.png\" width=\"216\" height=\"156\" srcset=\"http:\/\/kamar-cnc.pl\/wp-content\/uploads\/2012\/12\/p_otw-300x216.png 300w, http:\/\/kamar-cnc.pl\/wp-content\/uploads\/2012\/12\/p_otw-1024x739.png 1024w, http:\/\/kamar-cnc.pl\/wp-content\/uploads\/2012\/12\/p_otw-415x300.png 415w, http:\/\/kamar-cnc.pl\/wp-content\/uploads\/2012\/12\/p_otw.png 1280w\" sizes=\"auto, (max-width: 216px) 100vw, 216px\" \/><\/a><\/p>\n<p><a href=\"http:\/\/kamar-cnc.pl\/wp-content\/uploads\/2012\/12\/otwory_po_okregu.ngc\">Otwory po okr\u0119gu<\/a><br \/>\n<a href=\"http:\/\/kamar-cnc.pl\/wp-content\/uploads\/2012\/12\/t_ot_o1.png\" target=\"_blank\"><img loading=\"lazy\" decoding=\"async\" class=\"alignnone  wp-image-902\" title=\"t_ot_o\" alt=\"\" src=\"http:\/\/kamar-cnc.pl\/wp-content\/uploads\/2012\/12\/t_ot_o1-300x216.png\" width=\"216\" height=\"156\" srcset=\"http:\/\/kamar-cnc.pl\/wp-content\/uploads\/2012\/12\/t_ot_o1-300x216.png 300w, http:\/\/kamar-cnc.pl\/wp-content\/uploads\/2012\/12\/t_ot_o1-1024x739.png 1024w, http:\/\/kamar-cnc.pl\/wp-content\/uploads\/2012\/12\/t_ot_o1-415x300.png 415w, http:\/\/kamar-cnc.pl\/wp-content\/uploads\/2012\/12\/t_ot_o1.png 1280w\" sizes=\"auto, (max-width: 216px) 100vw, 216px\" \/><\/a><a href=\"http:\/\/kamar-cnc.pl\/wp-content\/uploads\/2012\/12\/otwory_po_okregu2.png\" target=\"_blank\"><img loading=\"lazy\" decoding=\"async\" class=\"wp-image-901 alignright\" title=\"otwory_po_okregu2\" alt=\"\" src=\"http:\/\/kamar-cnc.pl\/wp-content\/uploads\/2012\/12\/otwory_po_okregu2-300x216.png\" width=\"216\" height=\"156\" srcset=\"http:\/\/kamar-cnc.pl\/wp-content\/uploads\/2012\/12\/otwory_po_okregu2-300x216.png 300w, http:\/\/kamar-cnc.pl\/wp-content\/uploads\/2012\/12\/otwory_po_okregu2-1024x739.png 1024w, http:\/\/kamar-cnc.pl\/wp-content\/uploads\/2012\/12\/otwory_po_okregu2-415x300.png 415w, http:\/\/kamar-cnc.pl\/wp-content\/uploads\/2012\/12\/otwory_po_okregu2.png 1280w\" sizes=\"auto, (max-width: 216px) 100vw, 216px\" \/><\/a><br \/>\n<a href=\"http:\/\/kamar-cnc.pl\/wp-content\/uploads\/2012\/12\/przejazd.ngc\">Przejazd<\/a><br \/>\n<a href=\"http:\/\/kamar-cnc.pl\/wp-content\/uploads\/2012\/12\/pp.png\" target=\"_blank\"><img loading=\"lazy\" decoding=\"async\" class=\"alignright  wp-image-849\" title=\"pp\" alt=\"\" src=\"http:\/\/kamar-cnc.pl\/wp-content\/uploads\/2012\/12\/pp-300x216.png\" width=\"216\" height=\"159\" \/><\/a><a href=\"http:\/\/kamar-cnc.pl\/wp-content\/uploads\/2012\/12\/tp.png\" target=\"_blank\"><img loading=\"lazy\" decoding=\"async\" class=\"wp-image-848 alignnone\" title=\"tp\" alt=\"\" src=\"http:\/\/kamar-cnc.pl\/wp-content\/uploads\/2012\/12\/tp-300x216.png\" width=\"216\" height=\"156\" srcset=\"http:\/\/kamar-cnc.pl\/wp-content\/uploads\/2012\/12\/tp-300x216.png 300w, http:\/\/kamar-cnc.pl\/wp-content\/uploads\/2012\/12\/tp-1024x739.png 1024w, http:\/\/kamar-cnc.pl\/wp-content\/uploads\/2012\/12\/tp-415x300.png 415w, http:\/\/kamar-cnc.pl\/wp-content\/uploads\/2012\/12\/tp.png 1280w\" sizes=\"auto, (max-width: 216px) 100vw, 216px\" \/><\/a><br \/>\n<a href=\"http:\/\/kamar-cnc.pl\/wp-content\/uploads\/2012\/12\/kanalek.ngc\">Kana\u0142ek X <\/a><br \/>\n<a href=\"http:\/\/kamar-cnc.pl\/wp-content\/uploads\/2012\/12\/21.png\" target=\"_blank\"><img loading=\"lazy\" decoding=\"async\" class=\"alignright  wp-image-865\" title=\"2\" alt=\"\" src=\"http:\/\/kamar-cnc.pl\/wp-content\/uploads\/2012\/12\/21-300x216.png\" width=\"216\" height=\"156\" srcset=\"http:\/\/kamar-cnc.pl\/wp-content\/uploads\/2012\/12\/21-300x216.png 300w, http:\/\/kamar-cnc.pl\/wp-content\/uploads\/2012\/12\/21-1024x739.png 1024w, http:\/\/kamar-cnc.pl\/wp-content\/uploads\/2012\/12\/21-415x300.png 415w, http:\/\/kamar-cnc.pl\/wp-content\/uploads\/2012\/12\/21.png 1280w\" sizes=\"auto, (max-width: 216px) 100vw, 216px\" \/><\/a><a href=\"http:\/\/kamar-cnc.pl\/wp-content\/uploads\/2012\/12\/12.png\" target=\"_blank\"><img loading=\"lazy\" decoding=\"async\" class=\"wp-image-864 alignnone\" title=\"1\" alt=\"\" src=\"http:\/\/kamar-cnc.pl\/wp-content\/uploads\/2012\/12\/12-300x216.png\" width=\"216\" height=\"156\" srcset=\"http:\/\/kamar-cnc.pl\/wp-content\/uploads\/2012\/12\/12-300x216.png 300w, http:\/\/kamar-cnc.pl\/wp-content\/uploads\/2012\/12\/12-1024x739.png 1024w, http:\/\/kamar-cnc.pl\/wp-content\/uploads\/2012\/12\/12-415x300.png 415w, http:\/\/kamar-cnc.pl\/wp-content\/uploads\/2012\/12\/12.png 1280w\" sizes=\"auto, (max-width: 216px) 100vw, 216px\" \/><\/a><br \/>\n<a href=\"http:\/\/kamar-cnc.pl\/wp-content\/uploads\/2012\/12\/kanalek_y.ngc\">Kana\u0142ek Y <\/a><br \/>\n<a href=\"http:\/\/kamar-cnc.pl\/wp-content\/uploads\/2012\/12\/tk_y.png\" target=\"_blank\"><img loading=\"lazy\" decoding=\"async\" class=\"alignnone  wp-image-871\" title=\"tk_y\" alt=\"\" src=\"http:\/\/kamar-cnc.pl\/wp-content\/uploads\/2012\/12\/tk_y-300x216.png\" width=\"216\" height=\"156\" srcset=\"http:\/\/kamar-cnc.pl\/wp-content\/uploads\/2012\/12\/tk_y-300x216.png 300w, http:\/\/kamar-cnc.pl\/wp-content\/uploads\/2012\/12\/tk_y-1024x739.png 1024w, http:\/\/kamar-cnc.pl\/wp-content\/uploads\/2012\/12\/tk_y-415x300.png 415w, http:\/\/kamar-cnc.pl\/wp-content\/uploads\/2012\/12\/tk_y.png 1280w\" sizes=\"auto, (max-width: 216px) 100vw, 216px\" \/><\/a><a href=\"http:\/\/kamar-cnc.pl\/wp-content\/uploads\/2012\/12\/pk_y.png\" target=\"_blank\"><img loading=\"lazy\" decoding=\"async\" class=\"alignright  wp-image-872\" title=\"pk_y\" alt=\"\" src=\"http:\/\/kamar-cnc.pl\/wp-content\/uploads\/2012\/12\/pk_y-300x216.png\" width=\"216\" height=\"156\" srcset=\"http:\/\/kamar-cnc.pl\/wp-content\/uploads\/2012\/12\/pk_y-300x216.png 300w, http:\/\/kamar-cnc.pl\/wp-content\/uploads\/2012\/12\/pk_y-1024x739.png 1024w, http:\/\/kamar-cnc.pl\/wp-content\/uploads\/2012\/12\/pk_y-415x300.png 415w, http:\/\/kamar-cnc.pl\/wp-content\/uploads\/2012\/12\/pk_y.png 1280w\" sizes=\"auto, (max-width: 216px) 100vw, 216px\" \/><\/a><\/p>\n","protected":false},"excerpt":{"rendered":"<p>Otwor lub ko\u0142o Otwory po okr\u0119gu Przejazd Kana\u0142ek X Kana\u0142ek Y<\/p>\n","protected":false},"author":3,"featured_media":0,"parent":169,"menu_order":0,"comment_status":"closed","ping_status":"closed","template":"","meta":{"footnotes":""},"class_list":["post-217","page","type-page","status-publish","hentry"],"_links":{"self":[{"href":"http:\/\/kamar-cnc.pl\/index.php?rest_route=\/wp\/v2\/pages\/217","targetHints":{"allow":["GET"]}}],"collection":[{"href":"http:\/\/kamar-cnc.pl\/index.php?rest_route=\/wp\/v2\/pages"}],"about":[{"href":"http:\/\/kamar-cnc.pl\/index.php?rest_route=\/wp\/v2\/types\/page"}],"author":[{"embeddable":true,"href":"http:\/\/kamar-cnc.pl\/index.php?rest_route=\/wp\/v2\/users\/3"}],"replies":[{"embeddable":true,"href":"http:\/\/kamar-cnc.pl\/index.php?rest_route=%2Fwp%2Fv2%2Fcomments&post=217"}],"version-history":[{"count":32,"href":"http:\/\/kamar-cnc.pl\/index.php?rest_route=\/wp\/v2\/pages\/217\/revisions"}],"predecessor-version":[{"id":219,"href":"http:\/\/kamar-cnc.pl\/index.php?rest_route=\/wp\/v2\/pages\/217\/revisions\/219"}],"up":[{"embeddable":true,"href":"http:\/\/kamar-cnc.pl\/index.php?rest_route=\/wp\/v2\/pages\/169"}],"wp:attachment":[{"href":"http:\/\/kamar-cnc.pl\/index.php?rest_route=%2Fwp%2Fv2%2Fmedia&parent=217"}],"curies":[{"name":"wp","href":"https:\/\/api.w.org\/{rel}","templated":true}]}}