{"id":2,"date":"2012-10-14T11:15:44","date_gmt":"2012-10-14T09:15:44","guid":{"rendered":"http:\/\/kamar-cnc.pl\/?page_id=2"},"modified":"2013-01-16T07:03:33","modified_gmt":"2013-01-16T06:03:33","slug":"przykladowa-strona","status":"publish","type":"page","link":"http:\/\/kamar-cnc.pl\/","title":{"rendered":"O firmie"},"content":{"rendered":"<p>Firma Kamar powsta\u0142a w roku 1977. Pocz\u0105tkowo jednoosobowa na tzw. &#8222;po\u0142 etatu&#8221; a od roku 1985 pe\u0142na dzialalno\u015b\u0107, nieprzerwanie do dzi\u015b. Wykonujemy g\u0142\u00f3wnie nietypowe cz\u0119\u015bci zamienne do maszyn i urz\u0105dze\u0144 przemys\u0142owych. R\u00f3wnie\u017c projektujemy i wdra\u017camy modernizacje linii produkcyjnych.<\/p>\n","protected":false},"excerpt":{"rendered":"<p>Firma Kamar powsta\u0142a w roku 1977. Pocz\u0105tkowo jednoosobowa na tzw. &#8222;po\u0142 etatu&#8221; a od roku 1985 pe\u0142na dzialalno\u015b\u0107, nieprzerwanie do dzi\u015b. Wykonujemy g\u0142\u00f3wnie nietypowe cz\u0119\u015bci zamienne do maszyn i urz\u0105dze\u0144 przemys\u0142owych. R\u00f3wnie\u017c projektujemy i wdra\u017camy modernizacje linii produkcyjnych.<\/p>\n","protected":false},"author":1,"featured_media":0,"parent":0,"menu_order":0,"comment_status":"closed","ping_status":"open","template":"","meta":{"footnotes":""},"class_list":["post-2","page","type-page","status-publish","hentry"],"_links":{"self":[{"href":"http:\/\/kamar-cnc.pl\/index.php?rest_route=\/wp\/v2\/pages\/2","targetHints":{"allow":["GET"]}}],"collection":[{"href":"http:\/\/kamar-cnc.pl\/index.php?rest_route=\/wp\/v2\/pages"}],"about":[{"href":"http:\/\/kamar-cnc.pl\/index.php?rest_route=\/wp\/v2\/types\/page"}],"author":[{"embeddable":true,"href":"http:\/\/kamar-cnc.pl\/index.php?rest_route=\/wp\/v2\/users\/1"}],"replies":[{"embeddable":true,"href":"http:\/\/kamar-cnc.pl\/index.php?rest_route=%2Fwp%2Fv2%2Fcomments&post=2"}],"version-history":[{"count":11,"href":"http:\/\/kamar-cnc.pl\/index.php?rest_route=\/wp\/v2\/pages\/2\/revisions"}],"predecessor-version":[{"id":1150,"href":"http:\/\/kamar-cnc.pl\/index.php?rest_route=\/wp\/v2\/pages\/2\/revisions\/1150"}],"wp:attachment":[{"href":"http:\/\/kamar-cnc.pl\/index.php?rest_route=%2Fwp%2Fv2%2Fmedia&parent=2"}],"curies":[{"name":"wp","href":"https:\/\/api.w.org\/{rel}","templated":true}]}}