{"id":1056,"date":"2013-03-11T11:42:31","date_gmt":"2013-03-11T10:42:31","guid":{"rendered":"http:\/\/kamar-cnc.pl\/?page_id=1056"},"modified":"2013-10-17T06:12:56","modified_gmt":"2013-10-17T04:12:56","slug":"oferta","status":"publish","type":"page","link":"http:\/\/kamar-cnc.pl\/?page_id=1056","title":{"rendered":"Oferta"},"content":{"rendered":"<p>Wykonujemy:<\/p>\n<p>&#8211; nietypowe cz\u0119\u015bci zamienne do maszyn i urz\u0105dze\u0144 przemys\u0142owych<\/p>\n<p>&#8211; modernizacje i remonty linii produkcyjnych<\/p>\n<p>&#8211; nacinanie k\u00f3\u0142 z\u0119batych prostych i \u015brubowych (modu\u0142 od 1 do 6)<\/p>\n<p>&#8211; konstrukcje z profili stalowych i aluminiowych<\/p>\n<p>&nbsp;<\/p>\n<p>&nbsp;<\/p>\n","protected":false},"excerpt":{"rendered":"<p>Wykonujemy: &#8211; nietypowe cz\u0119\u015bci zamienne do maszyn i urz\u0105dze\u0144 przemys\u0142owych &#8211; modernizacje i remonty linii produkcyjnych &#8211; nacinanie k\u00f3\u0142 z\u0119batych prostych i \u015brubowych (modu\u0142 od 1 do 6) &#8211; konstrukcje z profili stalowych i aluminiowych &nbsp; &nbsp;<\/p>\n","protected":false},"author":2,"featured_media":0,"parent":0,"menu_order":0,"comment_status":"closed","ping_status":"closed","template":"","meta":{"footnotes":""},"class_list":["post-1056","page","type-page","status-publish","hentry"],"_links":{"self":[{"href":"http:\/\/kamar-cnc.pl\/index.php?rest_route=\/wp\/v2\/pages\/1056","targetHints":{"allow":["GET"]}}],"collection":[{"href":"http:\/\/kamar-cnc.pl\/index.php?rest_route=\/wp\/v2\/pages"}],"about":[{"href":"http:\/\/kamar-cnc.pl\/index.php?rest_route=\/wp\/v2\/types\/page"}],"author":[{"embeddable":true,"href":"http:\/\/kamar-cnc.pl\/index.php?rest_route=\/wp\/v2\/users\/2"}],"replies":[{"embeddable":true,"href":"http:\/\/kamar-cnc.pl\/index.php?rest_route=%2Fwp%2Fv2%2Fcomments&post=1056"}],"version-history":[{"count":7,"href":"http:\/\/kamar-cnc.pl\/index.php?rest_route=\/wp\/v2\/pages\/1056\/revisions"}],"predecessor-version":[{"id":1075,"href":"http:\/\/kamar-cnc.pl\/index.php?rest_route=\/wp\/v2\/pages\/1056\/revisions\/1075"}],"wp:attachment":[{"href":"http:\/\/kamar-cnc.pl\/index.php?rest_route=%2Fwp%2Fv2%2Fmedia&parent=1056"}],"curies":[{"name":"wp","href":"https:\/\/api.w.org\/{rel}","templated":true}]}}